{"id":167,"date":"2018-06-19T13:40:31","date_gmt":"2018-06-19T13:40:31","guid":{"rendered":"https:\/\/casacafeto.com\/index.php\/producto\/wheat-from-organic-farms\/"},"modified":"2023-04-24T22:45:46","modified_gmt":"2023-04-24T22:45:46","slug":"mirlo-molido-500g","status":"publish","type":"product","link":"https:\/\/casacafeto.com\/index.php\/producto\/mirlo-molido-500g\/","title":{"rendered":"Mirlo | Molido | 500 g"},"content":{"rendered":"<p>ORIGEN: La Concordia en la zona frailesca y Panthel\u00f3 en los altos de Chiapas entre los 1100 y 1600 msnm<\/p>\n<p>VARIEDAD: 100% Ar\u00e1bica y granos org\u00e1nicos certificados.<\/p>\n<p>PERFIL DE LA TAZA: Una taza de Mirlo ofrece fragancia, aroma y sabor a chocolate, almendras y frutos rojos. Su tostado medio-oscuro resalta su dulzura natural equilibrado la acidez.<\/p>\n<p>RECOMENDACIONES: Ideal para los que gusten mezclarlo con un poco de crema o leche en cualquiera de sus preparaciones, o si te gusta solito, saborear\u00e1s un cafecito fuerte que te har\u00e1 sentir que tu alma regresa a tu cuerpo por las ma\u00f1anas<\/p>\n","protected":false},"excerpt":{"rendered":"<p>Caf\u00e9 en grano entero, tostado medio oscuro<\/p>\n","protected":false},"featured_media":5855,"comment_status":"open","ping_status":"closed","template":"","meta":{"site-sidebar-layout":"default","site-content-layout":"default","ast-global-header-display":"","ast-main-header-display":"","ast-hfb-above-header-display":"","ast-hfb-below-header-display":"","ast-hfb-mobile-header-display":"","site-post-title":"","ast-breadcrumbs-content":"","ast-featured-img":"","footer-sml-layout":"","theme-transparent-header-meta":"disabled","adv-header-id-meta":"","stick-header-meta":"","header-above-stick-meta":"","header-main-stick-meta":"","header-below-stick-meta":""},"product_cat":[56],"product_tag":[],"_links":{"self":[{"href":"https:\/\/casacafeto.com\/index.php\/wp-json\/wp\/v3\/product\/167"}],"collection":[{"href":"https:\/\/casacafeto.com\/index.php\/wp-json\/wp\/v3\/product"}],"about":[{"href":"https:\/\/casacafeto.com\/index.php\/wp-json\/wp\/v2\/types\/product"}],"replies":[{"embeddable":true,"href":"https:\/\/casacafeto.com\/index.php\/wp-json\/wp\/v2\/comments?post=167"}],"wp:featuredmedia":[{"embeddable":true,"href":"https:\/\/casacafeto.com\/index.php\/wp-json\/wp\/v2\/media\/5855"}],"wp:attachment":[{"href":"https:\/\/casacafeto.com\/index.php\/wp-json\/wp\/v2\/media?parent=167"}],"wp:term":[{"taxonomy":"product_cat","embeddable":true,"href":"https:\/\/casacafeto.com\/index.php\/wp-json\/wp\/v2\/product_cat?post=167"},{"taxonomy":"product_tag","embeddable":true,"href":"https:\/\/casacafeto.com\/index.php\/wp-json\/wp\/v2\/product_tag?post=167"}],"curies":[{"name":"wp","href":"https:\/\/api.w.org\/{rel}","templated":true}]}}