{"id":5973,"date":"2023-06-20T23:31:32","date_gmt":"2023-06-20T23:31:16","guid":{"rendered":"https:\/\/casacafeto.com\/?page_id=5973"},"modified":"2023-12-04T18:25:55","modified_gmt":"2023-12-04T18:25:55","slug":"blog","status":"publish","type":"page","link":"https:\/\/casacafeto.com\/index.php\/blog\/","title":{"rendered":"Blog"},"content":{"rendered":"\t\t<div data-elementor-type=\"wp-page\" data-elementor-id=\"5973\" class=\"elementor elementor-5973\">\n\t\t\t\t\t\t\t\t\t<section class=\"elementor-section elementor-top-section elementor-element elementor-element-2f02ae7 elementor-section-boxed elementor-section-height-default elementor-section-height-default\" data-id=\"2f02ae7\" data-element_type=\"section\">\n\t\t\t\t\t\t<div class=\"elementor-container elementor-column-gap-default\">\n\t\t\t\t\t<div class=\"elementor-column elementor-col-100 elementor-top-column elementor-element elementor-element-fe40478\" data-id=\"fe40478\" data-element_type=\"column\">\n\t\t\t<div class=\"elementor-widget-wrap elementor-element-populated\">\n\t\t\t\t\t\t\t\t<div class=\"elementor-element elementor-element-604f05f elementor-widget elementor-widget-spacer\" data-id=\"604f05f\" data-element_type=\"widget\" data-widget_type=\"spacer.default\">\n\t\t\t\t<div class=\"elementor-widget-container\">\n\t\t\t<style>\/*! elementor - v3.12.1 - 02-04-2023 *\/\n.elementor-column .elementor-spacer-inner{height:var(--spacer-size)}.e-con{--container-widget-width:100%}.e-con-inner>.elementor-widget-spacer,.e-con>.elementor-widget-spacer{width:var(--container-widget-width,var(--spacer-size));--align-self:var(--container-widget-align-self,initial);--flex-shrink:0}.e-con-inner>.elementor-widget-spacer>.elementor-widget-container,.e-con-inner>.elementor-widget-spacer>.elementor-widget-container>.elementor-spacer,.e-con>.elementor-widget-spacer>.elementor-widget-container,.e-con>.elementor-widget-spacer>.elementor-widget-container>.elementor-spacer{height:100%}.e-con-inner>.elementor-widget-spacer>.elementor-widget-container>.elementor-spacer>.elementor-spacer-inner,.e-con>.elementor-widget-spacer>.elementor-widget-container>.elementor-spacer>.elementor-spacer-inner{height:var(--container-widget-height,var(--spacer-size))}<\/style>\t\t<div class=\"elementor-spacer\">\n\t\t\t<div class=\"elementor-spacer-inner\"><\/div>\n\t\t<\/div>\n\t\t\t\t<\/div>\n\t\t\t\t<\/div>\n\t\t\t\t\t<\/div>\n\t\t<\/div>\n\t\t\t\t\t\t\t<\/div>\n\t\t<\/section>\n\t\t\t\t<section class=\"elementor-section elementor-top-section elementor-element elementor-element-74c659d elementor-section-boxed elementor-section-height-default elementor-section-height-default\" data-id=\"74c659d\" data-element_type=\"section\">\n\t\t\t\t\t\t<div class=\"elementor-container elementor-column-gap-default\">\n\t\t\t\t\t<div class=\"elementor-column elementor-col-100 elementor-top-column elementor-element elementor-element-6e8d864\" data-id=\"6e8d864\" data-element_type=\"column\">\n\t\t\t<div class=\"elementor-widget-wrap elementor-element-populated\">\n\t\t\t\t\t\t\t\t<div class=\"elementor-element elementor-element-1c258b6 elementor-widget elementor-widget-heading\" data-id=\"1c258b6\" data-element_type=\"widget\" data-widget_type=\"heading.default\">\n\t\t\t\t<div class=\"elementor-widget-container\">\n\t\t\t<style>\/*! elementor - v3.12.1 - 02-04-2023 *\/\n.elementor-heading-title{padding:0;margin:0;line-height:1}.elementor-widget-heading .elementor-heading-title[class*=elementor-size-]>a{color:inherit;font-size:inherit;line-height:inherit}.elementor-widget-heading .elementor-heading-title.elementor-size-small{font-size:15px}.elementor-widget-heading .elementor-heading-title.elementor-size-medium{font-size:19px}.elementor-widget-heading .elementor-heading-title.elementor-size-large{font-size:29px}.elementor-widget-heading .elementor-heading-title.elementor-size-xl{font-size:39px}.elementor-widget-heading .elementor-heading-title.elementor-size-xxl{font-size:59px}<\/style><h2 class=\"elementor-heading-title elementor-size-default\">\u00bfTomar caf\u00e9 te hace feliz?<\/h2>\t\t<\/div>\n\t\t\t\t<\/div>\n\t\t\t\t\t<\/div>\n\t\t<\/div>\n\t\t\t\t\t\t\t<\/div>\n\t\t<\/section>\n\t\t\t\t<section class=\"elementor-section elementor-top-section elementor-element elementor-element-08e18ba elementor-section-boxed elementor-section-height-default elementor-section-height-default\" data-id=\"08e18ba\" data-element_type=\"section\">\n\t\t\t\t\t\t<div class=\"elementor-container elementor-column-gap-default\">\n\t\t\t\t\t<div class=\"elementor-column elementor-col-50 elementor-top-column elementor-element elementor-element-2598a46\" data-id=\"2598a46\" data-element_type=\"column\">\n\t\t\t<div class=\"elementor-widget-wrap elementor-element-populated\">\n\t\t\t\t\t\t\t\t<div class=\"elementor-element elementor-element-ce1b5f0 elementor-widget elementor-widget-image\" data-id=\"ce1b5f0\" data-element_type=\"widget\" data-widget_type=\"image.default\">\n\t\t\t\t<div class=\"elementor-widget-container\">\n\t\t\t<style>\/*! elementor - v3.12.1 - 02-04-2023 *\/\n.elementor-widget-image{text-align:center}.elementor-widget-image a{display:inline-block}.elementor-widget-image a img[src$=\".svg\"]{width:48px}.elementor-widget-image img{vertical-align:middle;display:inline-block}<\/style>\t\t\t\t\t\t\t\t\t\t\t\t<img loading=\"lazy\" decoding=\"async\" width=\"1024\" height=\"1024\" src=\"https:\/\/casacafeto.com\/wp-content\/uploads\/2023\/06\/1-1024x1024.png\" class=\"attachment-large size-large wp-image-5980\" alt=\"\" srcset=\"https:\/\/casacafeto.com\/wp-content\/uploads\/2023\/06\/1-1024x1024.png 1024w, https:\/\/casacafeto.com\/wp-content\/uploads\/2023\/06\/1-300x300.png 300w, https:\/\/casacafeto.com\/wp-content\/uploads\/2023\/06\/1-150x150.png 150w, https:\/\/casacafeto.com\/wp-content\/uploads\/2023\/06\/1-768x768.png 768w, https:\/\/casacafeto.com\/wp-content\/uploads\/2023\/06\/1-1536x1536.png 1536w, https:\/\/casacafeto.com\/wp-content\/uploads\/2023\/06\/1-600x600.png 600w, https:\/\/casacafeto.com\/wp-content\/uploads\/2023\/06\/1-100x100.png 100w, https:\/\/casacafeto.com\/wp-content\/uploads\/2023\/06\/1.png 1620w\" sizes=\"(max-width: 1024px) 100vw, 1024px\" \/>\t\t\t\t\t\t\t\t\t\t\t\t\t\t\t<\/div>\n\t\t\t\t<\/div>\n\t\t\t\t\t<\/div>\n\t\t<\/div>\n\t\t\t\t<div class=\"elementor-column elementor-col-50 elementor-top-column elementor-element elementor-element-8aa232e\" data-id=\"8aa232e\" data-element_type=\"column\">\n\t\t\t<div class=\"elementor-widget-wrap elementor-element-populated\">\n\t\t\t\t\t\t\t\t<div class=\"elementor-element elementor-element-7d2b9cc elementor-widget elementor-widget-text-editor\" data-id=\"7d2b9cc\" data-element_type=\"widget\" data-widget_type=\"text-editor.default\">\n\t\t\t\t<div class=\"elementor-widget-container\">\n\t\t\t<style>\/*! elementor - v3.12.1 - 02-04-2023 *\/\n.elementor-widget-text-editor.elementor-drop-cap-view-stacked .elementor-drop-cap{background-color:#69727d;color:#fff}.elementor-widget-text-editor.elementor-drop-cap-view-framed .elementor-drop-cap{color:#69727d;border:3px solid;background-color:transparent}.elementor-widget-text-editor:not(.elementor-drop-cap-view-default) .elementor-drop-cap{margin-top:8px}.elementor-widget-text-editor:not(.elementor-drop-cap-view-default) .elementor-drop-cap-letter{width:1em;height:1em}.elementor-widget-text-editor .elementor-drop-cap{float:left;text-align:center;line-height:1;font-size:50px}.elementor-widget-text-editor .elementor-drop-cap-letter{display:inline-block}<\/style>\t\t\t\t<p>\u00bfQu\u00e9 es lo m\u00e1gico detr\u00e1s de esa bebida que nos atrae de manera inmediata? Una ma\u00f1ana fr\u00eda, te levantas de la cama y percibes a lo lejos un ligero pero delicioso olor a caf\u00e9&#8230; \u00bfqu\u00e9 m\u00e1s puedes pedir en ese momento?<\/p>\n<p>Se dice que existen tres diferentes tipos de consumidores de caf\u00e9, los adictos que son los que lo toman para funcionar, que necesitan de ese maravilloso elixir para que las neuronas se conecten. Existen los consumidores sociales, \u00bfy entonces? \u00bfnos vamos a tomar un caf\u00e9 para platicar?, y lo usamos como brebaje para extraer hasta los secretos mas oscuros de las personas con las que estamos compartiendo. Y los aficionados, todos los que estamos interesados en conocer m\u00e1s sobre este maravilloso producto mezcla de la naturaleza y la curiosidad humana, que saboreamos las notas que nos ofrece en cada sorbo que damos y que nos complace ver la cara de satisfacci\u00f3n de las personas con las que compartimos nuestros nuevos descubrimientos de sabores.<\/p>\n<p>En Casa Cafeto nos gusta pensar que estamos orientados a los tres tipos , somos quienes te acompa\u00f1amos en la oficina, al lado de tu teclado mientras peleas con ese excel que tienes que terminar. Estamos sentados en la mesa donde platicas con la amiga a la que ten\u00edas tantas ganas de ver desde hace tiempo, y somos quienes te damos tips para que siempre goces las experiencias de tomar una taza del mismo caf\u00e9 en diferentes tipos de extracci\u00f3n.<\/p>\n<p>Entonces \u00bftomar caf\u00e9 te hace feliz? no, la bebida per se no es la felicidad l\u00edquida, es solo el pretexto que necesitas para platicar con alguien, es la sensaci\u00f3n de bienestar que necesitas para lidiar con la ma\u00f1ana siguiente de la noche que no pudiste pegar un ojo, es un hobbie, es aprendizaje, es entretenimiento&#8230; prepararle a alguien una taza de caf\u00e9 es decirle que lo quieres.<\/p>\t\t\t\t\t\t<\/div>\n\t\t\t\t<\/div>\n\t\t\t\t\t<\/div>\n\t\t<\/div>\n\t\t\t\t\t\t\t<\/div>\n\t\t<\/section>\n\t\t\t\t\t\t\t<\/div>\n\t\t","protected":false},"excerpt":{"rendered":"<p>\u00bfTomar caf\u00e9 te hace feliz? \u00bfQu\u00e9 es lo m\u00e1gico detr\u00e1s de esa bebida que nos atrae de manera inmediata? Una ma\u00f1ana fr\u00eda, te levantas de la cama y percibes a lo lejos un ligero pero delicioso olor a caf\u00e9&#8230; \u00bfqu\u00e9 m\u00e1s puedes pedir en ese momento? Se dice que existen tres diferentes tipos de consumidores &hellip;<\/p>\n<p class=\"read-more\"> <a class=\"\" href=\"https:\/\/casacafeto.com\/index.php\/blog\/\"> <span class=\"screen-reader-text\">Blog<\/span> Read More &raquo;<\/a><\/p>\n","protected":false},"author":1,"featured_media":0,"parent":0,"menu_order":0,"comment_status":"closed","ping_status":"closed","template":"","meta":{"site-sidebar-layout":"no-sidebar","site-content-layout":"page-builder","ast-global-header-display":"","ast-main-header-display":"","ast-hfb-above-header-display":"","ast-hfb-below-header-display":"","ast-hfb-mobile-header-display":"","site-post-title":"disabled","ast-breadcrumbs-content":"","ast-featured-img":"disabled","footer-sml-layout":"","theme-transparent-header-meta":"","adv-header-id-meta":"","stick-header-meta":"","header-above-stick-meta":"","header-main-stick-meta":"","header-below-stick-meta":"","footnotes":""},"_links":{"self":[{"href":"https:\/\/casacafeto.com\/index.php\/wp-json\/wp\/v2\/pages\/5973"}],"collection":[{"href":"https:\/\/casacafeto.com\/index.php\/wp-json\/wp\/v2\/pages"}],"about":[{"href":"https:\/\/casacafeto.com\/index.php\/wp-json\/wp\/v2\/types\/page"}],"author":[{"embeddable":true,"href":"https:\/\/casacafeto.com\/index.php\/wp-json\/wp\/v2\/users\/1"}],"replies":[{"embeddable":true,"href":"https:\/\/casacafeto.com\/index.php\/wp-json\/wp\/v2\/comments?post=5973"}],"version-history":[{"count":4,"href":"https:\/\/casacafeto.com\/index.php\/wp-json\/wp\/v2\/pages\/5973\/revisions"}],"predecessor-version":[{"id":6034,"href":"https:\/\/casacafeto.com\/index.php\/wp-json\/wp\/v2\/pages\/5973\/revisions\/6034"}],"wp:attachment":[{"href":"https:\/\/casacafeto.com\/index.php\/wp-json\/wp\/v2\/media?parent=5973"}],"curies":[{"name":"wp","href":"https:\/\/api.w.org\/{rel}","templated":true}]}}