{"id":5944,"date":"2023-04-26T19:08:52","date_gmt":"2023-04-26T19:08:52","guid":{"rendered":"https:\/\/casacafeto.com\/?page_id=5944"},"modified":"2023-04-26T19:32:01","modified_gmt":"2023-04-26T19:32:01","slug":"ventas-oficinas","status":"publish","type":"page","link":"https:\/\/casacafeto.com\/index.php\/ventas-oficinas\/","title":{"rendered":"Ventas especiales"},"content":{"rendered":"\t\t<div data-elementor-type=\"wp-page\" data-elementor-id=\"5944\" class=\"elementor elementor-5944\">\n\t\t\t\t\t\t\t\t\t<section class=\"elementor-section elementor-top-section elementor-element elementor-element-d8e4cc3 elementor-section-boxed elementor-section-height-default elementor-section-height-default\" data-id=\"d8e4cc3\" data-element_type=\"section\">\n\t\t\t\t\t\t<div class=\"elementor-container elementor-column-gap-default\">\n\t\t\t\t\t<div class=\"elementor-column elementor-col-100 elementor-top-column elementor-element elementor-element-8b6aa6d\" data-id=\"8b6aa6d\" data-element_type=\"column\">\n\t\t\t<div class=\"elementor-widget-wrap elementor-element-populated\">\n\t\t\t\t\t\t\t\t<div class=\"elementor-element elementor-element-701f1bb elementor-widget elementor-widget-spacer\" data-id=\"701f1bb\" data-element_type=\"widget\" data-widget_type=\"spacer.default\">\n\t\t\t\t<div class=\"elementor-widget-container\">\n\t\t\t<style>\/*! elementor - v3.12.1 - 02-04-2023 *\/\n.elementor-column .elementor-spacer-inner{height:var(--spacer-size)}.e-con{--container-widget-width:100%}.e-con-inner>.elementor-widget-spacer,.e-con>.elementor-widget-spacer{width:var(--container-widget-width,var(--spacer-size));--align-self:var(--container-widget-align-self,initial);--flex-shrink:0}.e-con-inner>.elementor-widget-spacer>.elementor-widget-container,.e-con-inner>.elementor-widget-spacer>.elementor-widget-container>.elementor-spacer,.e-con>.elementor-widget-spacer>.elementor-widget-container,.e-con>.elementor-widget-spacer>.elementor-widget-container>.elementor-spacer{height:100%}.e-con-inner>.elementor-widget-spacer>.elementor-widget-container>.elementor-spacer>.elementor-spacer-inner,.e-con>.elementor-widget-spacer>.elementor-widget-container>.elementor-spacer>.elementor-spacer-inner{height:var(--container-widget-height,var(--spacer-size))}<\/style>\t\t<div class=\"elementor-spacer\">\n\t\t\t<div class=\"elementor-spacer-inner\"><\/div>\n\t\t<\/div>\n\t\t\t\t<\/div>\n\t\t\t\t<\/div>\n\t\t\t\t\t<\/div>\n\t\t<\/div>\n\t\t\t\t\t\t\t<\/div>\n\t\t<\/section>\n\t\t\t\t<section class=\"elementor-section elementor-top-section elementor-element elementor-element-7007bb2 elementor-section-boxed elementor-section-height-default elementor-section-height-default\" data-id=\"7007bb2\" data-element_type=\"section\">\n\t\t\t\t\t\t<div class=\"elementor-container elementor-column-gap-default\">\n\t\t\t\t\t<div class=\"elementor-column elementor-col-100 elementor-top-column elementor-element elementor-element-2028704\" data-id=\"2028704\" data-element_type=\"column\">\n\t\t\t<div class=\"elementor-widget-wrap elementor-element-populated\">\n\t\t\t\t\t\t\t\t<div class=\"elementor-element elementor-element-b3d4972 elementor-widget elementor-widget-heading\" data-id=\"b3d4972\" data-element_type=\"widget\" data-widget_type=\"heading.default\">\n\t\t\t\t<div class=\"elementor-widget-container\">\n\t\t\t<style>\/*! elementor - v3.12.1 - 02-04-2023 *\/\n.elementor-heading-title{padding:0;margin:0;line-height:1}.elementor-widget-heading .elementor-heading-title[class*=elementor-size-]>a{color:inherit;font-size:inherit;line-height:inherit}.elementor-widget-heading .elementor-heading-title.elementor-size-small{font-size:15px}.elementor-widget-heading .elementor-heading-title.elementor-size-medium{font-size:19px}.elementor-widget-heading .elementor-heading-title.elementor-size-large{font-size:29px}.elementor-widget-heading .elementor-heading-title.elementor-size-xl{font-size:39px}.elementor-widget-heading .elementor-heading-title.elementor-size-xxl{font-size:59px}<\/style><h2 class=\"elementor-heading-title elementor-size-default\">Ventas especiales para oficinas<\/h2>\t\t<\/div>\n\t\t\t\t<\/div>\n\t\t\t\t\t<\/div>\n\t\t<\/div>\n\t\t\t\t\t\t\t<\/div>\n\t\t<\/section>\n\t\t\t\t<section class=\"elementor-section elementor-top-section elementor-element elementor-element-e60e8ed elementor-section-boxed elementor-section-height-default elementor-section-height-default\" data-id=\"e60e8ed\" data-element_type=\"section\">\n\t\t\t\t\t\t<div class=\"elementor-container elementor-column-gap-default\">\n\t\t\t\t\t<div class=\"elementor-column elementor-col-50 elementor-top-column elementor-element elementor-element-fda26d5\" data-id=\"fda26d5\" data-element_type=\"column\">\n\t\t\t<div class=\"elementor-widget-wrap elementor-element-populated\">\n\t\t\t\t\t\t\t\t<div class=\"elementor-element elementor-element-1519e8b elementor-widget elementor-widget-text-editor\" data-id=\"1519e8b\" data-element_type=\"widget\" data-widget_type=\"text-editor.default\">\n\t\t\t\t<div class=\"elementor-widget-container\">\n\t\t\t<style>\/*! elementor - v3.12.1 - 02-04-2023 *\/\n.elementor-widget-text-editor.elementor-drop-cap-view-stacked .elementor-drop-cap{background-color:#69727d;color:#fff}.elementor-widget-text-editor.elementor-drop-cap-view-framed .elementor-drop-cap{color:#69727d;border:3px solid;background-color:transparent}.elementor-widget-text-editor:not(.elementor-drop-cap-view-default) .elementor-drop-cap{margin-top:8px}.elementor-widget-text-editor:not(.elementor-drop-cap-view-default) .elementor-drop-cap-letter{width:1em;height:1em}.elementor-widget-text-editor .elementor-drop-cap{float:left;text-align:center;line-height:1;font-size:50px}.elementor-widget-text-editor .elementor-drop-cap-letter{display:inline-block}<\/style>\t\t\t\t<p>\u00bfInteresado en tener caf\u00e9 rico en la oficina todos los d\u00edas?<\/p><p>En Casa Cafeto te programamos entregas peri\u00f3dicas para que nunca falte caf\u00e9 en la oficina. Adem\u00e1s facturamos, entregamos a domicilio y damos cr\u00e9dito.<\/p><p>\u00a0<\/p><p>Mant\u00e9n felices a tus God\u00ednez!<\/p>\t\t\t\t\t\t<\/div>\n\t\t\t\t<\/div>\n\t\t\t\t<div class=\"elementor-element elementor-element-ae2998f elementor-align-center elementor-widget elementor-widget-button\" data-id=\"ae2998f\" data-element_type=\"widget\" data-widget_type=\"button.default\">\n\t\t\t\t<div class=\"elementor-widget-container\">\n\t\t\t\t\t<div class=\"elementor-button-wrapper\">\n\t\t\t<a href=\"https:\/\/api.whatsapp.com\/send?phone=%2B525539974393&#038;text=Quiero+saber+mas+de+Casa+Cafeto\" class=\"elementor-button-link elementor-button elementor-size-sm\" role=\"button\">\n\t\t\t\t\t\t<span class=\"elementor-button-content-wrapper\">\n\t\t\t\t\t\t<span class=\"elementor-button-text\">quiero programar mis pedidos<\/span>\n\t\t<\/span>\n\t\t\t\t\t<\/a>\n\t\t<\/div>\n\t\t\t\t<\/div>\n\t\t\t\t<\/div>\n\t\t\t\t\t<\/div>\n\t\t<\/div>\n\t\t\t\t<div class=\"elementor-column elementor-col-50 elementor-top-column elementor-element elementor-element-845b95d\" data-id=\"845b95d\" data-element_type=\"column\">\n\t\t\t<div class=\"elementor-widget-wrap elementor-element-populated\">\n\t\t\t\t\t\t\t\t<div class=\"elementor-element elementor-element-6889018 elementor-widget elementor-widget-image\" data-id=\"6889018\" data-element_type=\"widget\" data-widget_type=\"image.default\">\n\t\t\t\t<div class=\"elementor-widget-container\">\n\t\t\t<style>\/*! elementor - v3.12.1 - 02-04-2023 *\/\n.elementor-widget-image{text-align:center}.elementor-widget-image a{display:inline-block}.elementor-widget-image a img[src$=\".svg\"]{width:48px}.elementor-widget-image img{vertical-align:middle;display:inline-block}<\/style>\t\t\t\t\t\t\t\t\t\t\t\t<img loading=\"lazy\" decoding=\"async\" width=\"937\" height=\"620\" src=\"https:\/\/casacafeto.com\/wp-content\/uploads\/2023\/04\/Diseno-sin-titulo-8-e1682537000155.png\" class=\"attachment-large size-large wp-image-5946\" alt=\"\" srcset=\"https:\/\/casacafeto.com\/wp-content\/uploads\/2023\/04\/Diseno-sin-titulo-8-e1682537000155.png 937w, https:\/\/casacafeto.com\/wp-content\/uploads\/2023\/04\/Diseno-sin-titulo-8-e1682537000155-300x199.png 300w, https:\/\/casacafeto.com\/wp-content\/uploads\/2023\/04\/Diseno-sin-titulo-8-e1682537000155-768x508.png 768w, https:\/\/casacafeto.com\/wp-content\/uploads\/2023\/04\/Diseno-sin-titulo-8-e1682537000155-600x397.png 600w\" sizes=\"(max-width: 937px) 100vw, 937px\" \/>\t\t\t\t\t\t\t\t\t\t\t\t\t\t\t<\/div>\n\t\t\t\t<\/div>\n\t\t\t\t\t<\/div>\n\t\t<\/div>\n\t\t\t\t\t\t\t<\/div>\n\t\t<\/section>\n\t\t\t\t\t\t\t<\/div>\n\t\t","protected":false},"excerpt":{"rendered":"<p>Ventas especiales para oficinas \u00bfInteresado en tener caf\u00e9 rico en la oficina todos los d\u00edas? En Casa Cafeto te programamos entregas peri\u00f3dicas para que nunca falte caf\u00e9 en la oficina. Adem\u00e1s facturamos, entregamos a domicilio y damos cr\u00e9dito. Mant\u00e9n felices a tus God\u00ednez! quiero programar mis pedidos<\/p>\n","protected":false},"author":1,"featured_media":0,"parent":0,"menu_order":0,"comment_status":"closed","ping_status":"closed","template":"","meta":{"site-sidebar-layout":"no-sidebar","site-content-layout":"page-builder","ast-global-header-display":"","ast-main-header-display":"","ast-hfb-above-header-display":"","ast-hfb-below-header-display":"","ast-hfb-mobile-header-display":"","site-post-title":"disabled","ast-breadcrumbs-content":"","ast-featured-img":"disabled","footer-sml-layout":"","theme-transparent-header-meta":"","adv-header-id-meta":"","stick-header-meta":"","header-above-stick-meta":"","header-main-stick-meta":"","header-below-stick-meta":"","footnotes":""},"_links":{"self":[{"href":"https:\/\/casacafeto.com\/index.php\/wp-json\/wp\/v2\/pages\/5944"}],"collection":[{"href":"https:\/\/casacafeto.com\/index.php\/wp-json\/wp\/v2\/pages"}],"about":[{"href":"https:\/\/casacafeto.com\/index.php\/wp-json\/wp\/v2\/types\/page"}],"author":[{"embeddable":true,"href":"https:\/\/casacafeto.com\/index.php\/wp-json\/wp\/v2\/users\/1"}],"replies":[{"embeddable":true,"href":"https:\/\/casacafeto.com\/index.php\/wp-json\/wp\/v2\/comments?post=5944"}],"version-history":[{"count":5,"href":"https:\/\/casacafeto.com\/index.php\/wp-json\/wp\/v2\/pages\/5944\/revisions"}],"predecessor-version":[{"id":5950,"href":"https:\/\/casacafeto.com\/index.php\/wp-json\/wp\/v2\/pages\/5944\/revisions\/5950"}],"wp:attachment":[{"href":"https:\/\/casacafeto.com\/index.php\/wp-json\/wp\/v2\/media?parent=5944"}],"curies":[{"name":"wp","href":"https:\/\/api.w.org\/{rel}","templated":true}]}}